{"id":2,"date":"2015-03-14T11:31:47","date_gmt":"2015-03-14T11:31:47","guid":{"rendered":"http:\/\/recepty.theby.cz\/?page_id=2"},"modified":"2015-04-04T06:14:56","modified_gmt":"2015-04-04T06:14:56","slug":"zkusebni-stranka","status":"publish","type":"page","link":"https:\/\/recepty.theby.cz\/?page_id=2","title":{"rendered":"\u00davod"},"content":{"rendered":"<p>Ahoj kamar\u00e1di<\/p>\n<p>Douf\u00e1m \u017ee r\u00e1di va\u0159\u00edte, proto\u017ee tady nic jin\u00e9ho nebude, jen recepty, recepty a recepty <img decoding=\"async\" class=\"wp-smiley\" src=\"http:\/\/recepty.theby.cz\/wp-includes\/images\/smilies\/icon_smile.gif\" alt=\":)\" \/><\/p>\n<p>existuje mnoho kuchyni tak pro\u010d va\u0159it st\u00e1le to sam\u00e9, i \u010desk\u00e1 kuchyn\u011b b\u00fdv\u00e1 \u010dasto zapomenuta, hlavn\u011b staro\u010desk\u00e9 recepty.<br \/>\nZaj\u00edmav\u00e9 je \u017ee n\u011bkter\u00e1 a\u010d velmi jednoduch\u00e1 j\u00eddla mohou byt velice chutn\u00e1 a p\u0159i tom by je mohl zvl\u00e1dnou i za\u010d\u00e1te\u010dn\u00edk.<\/p>\n<p>Rad ochutn\u00e1v\u00e1m nova j\u00eddla a p\u0159i toulk\u00e1ch po restaurac\u00edch a vz\u00e1p\u011bt\u00ed zahrani\u010dn\u00edch webech nach\u00e1z\u00edm hotov\u00e9 poklady a p\u0159i tom mnohdy a\u017e trivi\u00e1ln\u011b jednoduch\u00e9.<\/p>\n<p>Zde budu d\u00e1vat recepty z cel\u00e9ho sv\u011bta, abych obohatil Va\u0161i gastronomii, p\u0159edev\u0161\u00edm m\u00e9n\u011b zn\u00e1m\u00fdch kuchyni.<br \/>\nSnad se mi to bude da\u0159it.<\/p>\n<p>Ros\u0165a<\/p>\n","protected":false},"excerpt":{"rendered":"<p>Ahoj kamar\u00e1di Douf\u00e1m \u017ee r\u00e1di va\u0159\u00edte, proto\u017ee tady nic jin\u00e9ho nebude, jen recepty, recepty a recepty existuje mnoho kuchyni tak pro\u010d va\u0159it st\u00e1le to sam\u00e9, i \u010desk\u00e1 kuchyn\u011b b\u00fdv\u00e1 \u010dasto zapomenuta, hlavn\u011b staro\u010desk\u00e9 recepty. Zaj\u00edmav\u00e9 je \u017ee n\u011bkter\u00e1 a\u010d velmi jednoduch\u00e1 j\u00eddla mohou byt velice chutn\u00e1 a p\u0159i tom by je mohl zvl\u00e1dnou i za\u010d\u00e1te\u010dn\u00edk. [&hellip;]<\/p>\n","protected":false},"author":1,"featured_media":0,"parent":0,"menu_order":0,"comment_status":"open","ping_status":"open","template":"","meta":{"rop_custom_images_group":[],"rop_custom_messages_group":[],"rop_publish_now":"initial","rop_publish_now_accounts":[],"rop_publish_now_history":[],"rop_publish_now_status":"pending","footnotes":""},"class_list":["bg-stuff"],"_links":{"self":[{"href":"https:\/\/recepty.theby.cz\/index.php?rest_route=\/wp\/v2\/pages\/2","targetHints":{"allow":["GET"]}}],"collection":[{"href":"https:\/\/recepty.theby.cz\/index.php?rest_route=\/wp\/v2\/pages"}],"about":[{"href":"https:\/\/recepty.theby.cz\/index.php?rest_route=\/wp\/v2\/types\/page"}],"author":[{"embeddable":true,"href":"https:\/\/recepty.theby.cz\/index.php?rest_route=\/wp\/v2\/users\/1"}],"replies":[{"embeddable":true,"href":"https:\/\/recepty.theby.cz\/index.php?rest_route=%2Fwp%2Fv2%2Fcomments&post=2"}],"version-history":[{"count":4,"href":"https:\/\/recepty.theby.cz\/index.php?rest_route=\/wp\/v2\/pages\/2\/revisions"}],"predecessor-version":[{"id":94,"href":"https:\/\/recepty.theby.cz\/index.php?rest_route=\/wp\/v2\/pages\/2\/revisions\/94"}],"wp:attachment":[{"href":"https:\/\/recepty.theby.cz\/index.php?rest_route=%2Fwp%2Fv2%2Fmedia&parent=2"}],"curies":[{"name":"wp","href":"https:\/\/api.w.org\/{rel}","templated":true}]}}